{"id":27,"date":"2016-10-11T12:57:36","date_gmt":"2016-10-11T10:57:36","guid":{"rendered":"http:\/\/ddrgeyerhofer.at\/wp\/?page_id=27"},"modified":"2026-02-09T17:54:55","modified_gmt":"2026-02-09T16:54:55","slug":"mundhygiene","status":"publish","type":"page","link":"https:\/\/ddrgeyerhofer.at\/wp\/mundhygiene\/","title":{"rendered":"Mundhygiene"},"content":{"rendered":"<p><strong>Entfernen von Zahnbel\u00e4gen<\/strong><br \/>Das zentrale Element ist eine gr\u00fcndliche Reinigung der Z\u00e4hne, der F\u00fcllungen und Kronenr\u00e4nder sowie der zug\u00e4nglichen Wurzeloberfl\u00e4chen. Bei diesem Vorgang werden sowohl harte als auch weiche Zahnbel\u00e4ge wie Zahnstein, Nikotin- und Teeflecken sowie andere Verf\u00e4rbungen mit speziellen Ger\u00e4ten und Pasten entfernt.<\/p>\n<p>Mit Spezialinstrumenten (K\u00fcrette, Scaler) werden dabei auch solche Stellen erreicht, die bei der eigenen Mundpflege nicht oder nur schwer zug\u00e4nglich sind, zum Beispiel oberhalb des Zahnfleischsaums und in Zahnfleischtaschen.<\/p>\n<p><strong>Air Flow<\/strong><br \/>Bei hartn\u00e4ckigen Verf\u00e4rbungen kann eine Pulverstrahlreinigung helfen. Dabei wird ein Gemisch aus Wasser, Luft und Pulver (Natriumhydrogencarbonat) mit Druck auf die Z\u00e4hne aufgetragen.<\/p>\n<p><strong>Polieren<\/strong><br \/>Anschlie\u00dfend werden die Z\u00e4hne poliert. Das Polieren soll der Neuansiedlung von Bel\u00e4gen vorbeugen, indem es raue Stellen an den Z\u00e4hnen gl\u00e4ttet.<\/p>\n<p><strong>Fluoridieren<\/strong><br \/>Fluorid mindert Mineralienverlust aus dem Zahnschmelz. Auf diese Weise wird er widerstandsf\u00e4higer gegen S\u00e4ureangriffe. Das Fluoridieren dient damit in erster Linie der Kariesprophylaxe. Hierf\u00fcr werden konzentrierte Fluoridgele oder Fluoridlacke verwendet, die am Ende der Reinigung aufgetragen werde.<\/p>\n<p>Zahnstein, Bel\u00e4ge und Verf\u00e4rbungen der Z\u00e4hne durch Nikotin, Rotwein, Kaffee oder schwarzen Tee sind beseitigt. Die Z\u00e4hne sind sehr sauber und glatt und wirken dadurch heller.<\/p>\n\n","protected":false},"excerpt":{"rendered":"<p>Entfernen von Zahnbel\u00e4genDas zentrale Element ist eine gr\u00fcndliche Reinigung der Z\u00e4hne, der F\u00fcllungen und Kronenr\u00e4nder sowie der zug\u00e4nglichen Wurzeloberfl\u00e4chen. Bei diesem Vorgang werden sowohl harte als auch weiche Zahnbel\u00e4ge wie Zahnstein, Nikotin- und Teeflecken sowie andere Verf\u00e4rbungen mit speziellen Ger\u00e4ten und Pasten entfernt. Mit Spezialinstrumenten (K\u00fcrette, Scaler) werden dabei auch solche Stellen erreicht, die bei <a href=\"https:\/\/ddrgeyerhofer.at\/wp\/mundhygiene\/\" class=\"more-link\">...weiterlesen<span class=\"screen-reader-text\"> \"Mundhygiene\"<\/span><\/a><\/p>\n","protected":false},"author":1,"featured_media":0,"parent":0,"menu_order":0,"comment_status":"closed","ping_status":"closed","template":"","meta":{"_themeisle_gutenberg_block_has_review":false,"footnotes":""},"class_list":["post-27","page","type-page","status-publish","h-entry","hentry","h-as-page"],"_links":{"self":[{"href":"https:\/\/ddrgeyerhofer.at\/wp\/wp-json\/wp\/v2\/pages\/27","targetHints":{"allow":["GET"]}}],"collection":[{"href":"https:\/\/ddrgeyerhofer.at\/wp\/wp-json\/wp\/v2\/pages"}],"about":[{"href":"https:\/\/ddrgeyerhofer.at\/wp\/wp-json\/wp\/v2\/types\/page"}],"author":[{"embeddable":true,"href":"https:\/\/ddrgeyerhofer.at\/wp\/wp-json\/wp\/v2\/users\/1"}],"replies":[{"embeddable":true,"href":"https:\/\/ddrgeyerhofer.at\/wp\/wp-json\/wp\/v2\/comments?post=27"}],"version-history":[{"count":4,"href":"https:\/\/ddrgeyerhofer.at\/wp\/wp-json\/wp\/v2\/pages\/27\/revisions"}],"predecessor-version":[{"id":35428,"href":"https:\/\/ddrgeyerhofer.at\/wp\/wp-json\/wp\/v2\/pages\/27\/revisions\/35428"}],"wp:attachment":[{"href":"https:\/\/ddrgeyerhofer.at\/wp\/wp-json\/wp\/v2\/media?parent=27"}],"curies":[{"name":"wp","href":"https:\/\/api.w.org\/{rel}","templated":true}]}}