{"id":24,"date":"2016-10-11T11:00:46","date_gmt":"2016-10-11T09:00:46","guid":{"rendered":"http:\/\/ddrgeyerhofer.at\/wp\/?page_id=24"},"modified":"2024-07-11T09:15:23","modified_gmt":"2024-07-11T07:15:23","slug":"kronen","status":"publish","type":"page","link":"https:\/\/ddrgeyerhofer.at\/wp\/kronen\/","title":{"rendered":"Kronen"},"content":{"rendered":"<p>Ist ein Zahn so schwer besch\u00e4digt, dass er durch eine F\u00fcllung oder ein Inlay nicht mehr zu erhalten ist, kann ihn nur noch eine \u00dcberkronung retten.<\/p>\n<p>Die \u00dcberkronung eines Zahnes ist eine technisch hochwertige und langlebige Methode, einen stark besch\u00e4digten Zahn zu festigen, zu sch\u00fctzen und seine Funktion wieder herzustellen. Die Krone ist vergleichbar mit einer Schutzkappe, die aus Keramik, Metall, Zirkoniumdioxid oder Lithium-Disilikat hergestellt wird, und mit einer Keramikschicht verblendet ist.<\/p>\n<p>Aussehen und Anfertigung einer Krone<br \/>\nEine Krone umschlie\u00dft den ganzen freiliegenden Zahn. Um Platz f\u00fcr die Krone zu schaffen, beschleift der Zahnarzt den Zahnschmelz rund um den ganzen Zahn. Danach wird ein pr\u00e4ziser Abdruck genommen. An Hand dieses Abdrucks fertigt der Zahntechniker die Krone individuell an und kann den \u00e4sthetischen Anforderungen der Patienten entsprechen. Anschlie\u00dfend wird die fertige Krone mit Hilfe eines speziellen Klebstoffes (Zement) am Zahn befestigt. Letztendlich ist die Krone nahezu nicht mehr von einem nat\u00fcrlichen Zahn zu unterscheiden.<\/p>\n<p>Die Vorteile von Kronen<br \/>\nSie sind ein festsitzender Zahnersatz, der die gesamte noch vorhandene Zahnsubstanz sch\u00fctzt. Sie zeichnen sich durch eine optimale \u00c4sthetik und Langelebigkeit aus. Die individuelle Anfertigung gew\u00e4hrleistet einen perfekten Sitz und ebensolche Hygienem\u00f6glichkeiten.<\/p>\n","protected":false},"excerpt":{"rendered":"<p>Ist ein Zahn so schwer besch\u00e4digt, dass er durch eine F\u00fcllung oder ein Inlay nicht mehr zu erhalten ist, kann ihn nur noch eine \u00dcberkronung retten. Die \u00dcberkronung eines Zahnes ist eine technisch hochwertige und langlebige Methode, einen stark besch\u00e4digten Zahn zu festigen, zu sch\u00fctzen und seine Funktion wieder herzustellen. Die Krone ist vergleichbar mit <a href=\"https:\/\/ddrgeyerhofer.at\/wp\/kronen\/\" class=\"more-link\">...weiterlesen<span class=\"screen-reader-text\"> \"Kronen\"<\/span><\/a><\/p>\n","protected":false},"author":1,"featured_media":0,"parent":0,"menu_order":0,"comment_status":"closed","ping_status":"closed","template":"","meta":{"_themeisle_gutenberg_block_has_review":false,"footnotes":""},"class_list":["post-24","page","type-page","status-publish","h-entry","hentry","h-as-page"],"_links":{"self":[{"href":"https:\/\/ddrgeyerhofer.at\/wp\/wp-json\/wp\/v2\/pages\/24","targetHints":{"allow":["GET"]}}],"collection":[{"href":"https:\/\/ddrgeyerhofer.at\/wp\/wp-json\/wp\/v2\/pages"}],"about":[{"href":"https:\/\/ddrgeyerhofer.at\/wp\/wp-json\/wp\/v2\/types\/page"}],"author":[{"embeddable":true,"href":"https:\/\/ddrgeyerhofer.at\/wp\/wp-json\/wp\/v2\/users\/1"}],"replies":[{"embeddable":true,"href":"https:\/\/ddrgeyerhofer.at\/wp\/wp-json\/wp\/v2\/comments?post=24"}],"version-history":[{"count":6,"href":"https:\/\/ddrgeyerhofer.at\/wp\/wp-json\/wp\/v2\/pages\/24\/revisions"}],"predecessor-version":[{"id":35380,"href":"https:\/\/ddrgeyerhofer.at\/wp\/wp-json\/wp\/v2\/pages\/24\/revisions\/35380"}],"wp:attachment":[{"href":"https:\/\/ddrgeyerhofer.at\/wp\/wp-json\/wp\/v2\/media?parent=24"}],"curies":[{"name":"wp","href":"https:\/\/api.w.org\/{rel}","templated":true}]}}